{"id":6,"date":"2023-12-17T17:50:59","date_gmt":"2023-12-17T16:50:59","guid":{"rendered":"https:\/\/paradigmmodern.com\/index.php\/home\/"},"modified":"2024-02-06T09:59:52","modified_gmt":"2024-02-06T08:59:52","slug":"home","status":"publish","type":"page","link":"https:\/\/blog.paradigmmodern.com\/ParadigmBLOG\/","title":{"rendered":"PARADIGM MODERN"},"content":{"rendered":"\n<figure class=\"wp-block-image size-full\"><img loading=\"lazy\" decoding=\"async\" width=\"640\" height=\"640\" src=\"https:\/\/blog.paradigmmodern.com\/ParadigmBLOG\/wp-content\/uploads\/2023\/12\/image.jpeg\" alt=\"\" class=\"wp-image-34\" srcset=\"https:\/\/blog.paradigmmodern.com\/ParadigmBLOG\/wp-content\/uploads\/2023\/12\/image.jpeg 640w, https:\/\/blog.paradigmmodern.com\/ParadigmBLOG\/wp-content\/uploads\/2023\/12\/image-300x300.jpeg 300w, https:\/\/blog.paradigmmodern.com\/ParadigmBLOG\/wp-content\/uploads\/2023\/12\/image-150x150.jpeg 150w\" sizes=\"auto, (max-width: 640px) 100vw, 640px\" \/><\/figure>\n\n\n\n<blockquote class=\"wp-block-quote is-layout-flow wp-block-quote-is-layout-flow\">\n<p>Dans notre entreprise, nous combinons des solutions de sant\u00e9 innovantes avec des vibrations positives, cr\u00e9ant ainsi un espace de bonne \u00e9nergie. <\/p>\n\n\n\n<p>Nous veillons \u00e0 l\u2019harmonie du corps et de l\u2019esprit, en vous apportant un air pur qui favorise votre bien-\u00eatre et votre joie de vivre.<\/p>\n<\/blockquote>\n","protected":false},"excerpt":{"rendered":"<p>Dans notre entreprise, nous combinons des solutions&#8230;<\/p>\n","protected":false},"author":1,"featured_media":0,"parent":0,"menu_order":0,"comment_status":"closed","ping_status":"closed","template":"","meta":{"_et_pb_use_builder":"on","_et_pb_old_content":"<!-- wp:image {\"id\":34,\"sizeSlug\":\"full\",\"linkDestination\":\"none\"} -->\n<figure class=\"wp-block-image size-full\"><img src=\"https:\/\/blog.paradigmmodern.com\/ParadigmBLOG\/wp-content\/uploads\/2023\/12\/image.jpeg\" alt=\"\" class=\"wp-image-34\"\/><\/figure>\n<!-- \/wp:image -->\n\n<!-- wp:quote -->\n<blockquote class=\"wp-block-quote\"><!-- wp:paragraph -->\n<p>Dans notre entreprise, nous combinons des solutions de sant\u00e9 innovantes avec des vibrations positives, cr\u00e9ant ainsi un espace de bonne \u00e9nergie. <\/p>\n<!-- \/wp:paragraph -->\n\n<!-- wp:paragraph -->\n<p>Nous veillons \u00e0 l\u2019harmonie du corps et de l\u2019esprit, en vous apportant un air pur qui favorise votre bien-\u00eatre et votre joie de vivre.<\/p>\n<!-- \/wp:paragraph --><\/blockquote>\n<!-- \/wp:quote -->","_et_gb_content_width":"","footnotes":""},"class_list":["post-6","page","type-page","status-publish","hentry"],"_links":{"self":[{"href":"https:\/\/blog.paradigmmodern.com\/ParadigmBLOG\/wp-json\/wp\/v2\/pages\/6","targetHints":{"allow":["GET"]}}],"collection":[{"href":"https:\/\/blog.paradigmmodern.com\/ParadigmBLOG\/wp-json\/wp\/v2\/pages"}],"about":[{"href":"https:\/\/blog.paradigmmodern.com\/ParadigmBLOG\/wp-json\/wp\/v2\/types\/page"}],"author":[{"embeddable":true,"href":"https:\/\/blog.paradigmmodern.com\/ParadigmBLOG\/wp-json\/wp\/v2\/users\/1"}],"replies":[{"embeddable":true,"href":"https:\/\/blog.paradigmmodern.com\/ParadigmBLOG\/wp-json\/wp\/v2\/comments?post=6"}],"version-history":[{"count":9,"href":"https:\/\/blog.paradigmmodern.com\/ParadigmBLOG\/wp-json\/wp\/v2\/pages\/6\/revisions"}],"predecessor-version":[{"id":219655,"href":"https:\/\/blog.paradigmmodern.com\/ParadigmBLOG\/wp-json\/wp\/v2\/pages\/6\/revisions\/219655"}],"wp:attachment":[{"href":"https:\/\/blog.paradigmmodern.com\/ParadigmBLOG\/wp-json\/wp\/v2\/media?parent=6"}],"curies":[{"name":"wp","href":"https:\/\/api.w.org\/{rel}","templated":true}]}}